{"id":621,"date":"2023-09-08T15:23:36","date_gmt":"2023-09-08T15:23:36","guid":{"rendered":"https:\/\/pitchworldfast.com\/africahealthaccess\/?post_type=product&#038;p=621"},"modified":"2023-10-29T08:44:57","modified_gmt":"2023-10-29T08:44:57","slug":"student-online-pass","status":"publish","type":"product","link":"https:\/\/pitchworldfast.com\/africahealthaccess\/fr\/produit\/student-online-pass\/","title":{"rendered":"Student Online Pass"},"content":{"rendered":"<!DOCTYPE html PUBLIC \"-\/\/W3C\/\/DTD HTML 4.0 Transitional\/\/EN\" \"http:\/\/www.w3.org\/TR\/REC-html40\/loose.dtd\">\n<html><body><p><strong>Make sure to submit your proof in this form and complete the order by proceeding to checkout for your participation to be considered and validated by our team. <\/strong><br>\n<em><strong>Veillez \u00e0 soumettre votre preuve dans ce formulaire et \u00e0 compl\u00e9ter la commande en passant \u00e0 la caisse pour que votre participation soit prise en compte et valid\u00e9e par notre \u00e9quipe.<\/strong><\/em><\/p>\n<p>[wpforms id=\u201d1002\u2033]<\/p>\n<\/body><\/html>\n","protected":false},"excerpt":{"rendered":"<p>Make sure to submit your proof in this form and complete the order by proceeding to checkout for your participation to be considered and validated by our team. Veillez \u00e0 soumettre votre preuve dans ce formulaire et \u00e0 compl\u00e9ter la commande en passant \u00e0 la caisse pour que votre participation soit prise en compte et valid\u00e9e par notre \u00e9quipe. [wpforms&#8230;<\/p>","protected":false},"featured_media":1042,"comment_status":"open","ping_status":"closed","template":"","meta":[],"product_brand":[],"product_cat":[20],"product_tag":[],"class_list":{"0":"post-621","1":"product","2":"type-product","3":"status-publish","4":"has-post-thumbnail","6":"product_cat-online-pass","8":"first","9":"instock","10":"downloadable","11":"virtual","12":"taxable","13":"purchasable","14":"product-type-simple"},"jetpack_sharing_enabled":true,"_links":{"self":[{"href":"https:\/\/pitchworldfast.com\/africahealthaccess\/fr\/wp-json\/wp\/v2\/product\/621","targetHints":{"allow":["GET"]}}],"collection":[{"href":"https:\/\/pitchworldfast.com\/africahealthaccess\/fr\/wp-json\/wp\/v2\/product"}],"about":[{"href":"https:\/\/pitchworldfast.com\/africahealthaccess\/fr\/wp-json\/wp\/v2\/types\/product"}],"replies":[{"embeddable":true,"href":"https:\/\/pitchworldfast.com\/africahealthaccess\/fr\/wp-json\/wp\/v2\/comments?post=621"}],"wp:featuredmedia":[{"embeddable":true,"href":"https:\/\/pitchworldfast.com\/africahealthaccess\/fr\/wp-json\/wp\/v2\/media\/1042"}],"wp:attachment":[{"href":"https:\/\/pitchworldfast.com\/africahealthaccess\/fr\/wp-json\/wp\/v2\/media?parent=621"}],"wp:term":[{"taxonomy":"product_brand","embeddable":true,"href":"https:\/\/pitchworldfast.com\/africahealthaccess\/fr\/wp-json\/wp\/v2\/product_brand?post=621"},{"taxonomy":"product_cat","embeddable":true,"href":"https:\/\/pitchworldfast.com\/africahealthaccess\/fr\/wp-json\/wp\/v2\/product_cat?post=621"},{"taxonomy":"product_tag","embeddable":true,"href":"https:\/\/pitchworldfast.com\/africahealthaccess\/fr\/wp-json\/wp\/v2\/product_tag?post=621"}],"curies":[{"name":"wp","href":"https:\/\/api.w.org\/{rel}","templated":true}]}}